{"id":832,"date":"2023-06-07T22:37:27","date_gmt":"2023-06-07T19:37:27","guid":{"rendered":"https:\/\/www.karavansatis.com.tr\/?page_id=832"},"modified":"2023-06-07T22:37:27","modified_gmt":"2023-06-07T19:37:27","slug":"hazir-sase","status":"publish","type":"page","link":"https:\/\/www.karavansatis.com.tr\/?page_id=832","title":{"rendered":"Haz\u0131r \u015ease"},"content":{"rendered":"<table width=\"552\">\n<tbody>\n<tr>\n<td>\u00c7ekme Karavanlar i\u00e7in haz\u0131r \u015fase olup demonte haldedir. Belgesiz olarak sat\u0131lmaktad\u0131r.<\/td>\n<\/tr>\n<tr>\n<td>Uygun Karavan Kabin Boyu : 3,5 Mt.<\/td>\n<\/tr>\n<tr>\n<td>Uygun Karavan Kabin Eni : 2 Mt.<\/td>\n<\/tr>\n<tr>\n<td>Teknik Resimlerinden ayr\u0131nt\u0131lar\u0131n\u0131 ve \u00f6l\u00e7\u00fclerini inceleyebilirsiniz.<\/td>\n<\/tr>\n<tr>\n<td class=\"xl63\"><span>Dahil Olan Bile\u015fenler :<\/span><span><br \/>\n\u015ease G\u00f6vdesi<br \/>\nStabilizat\u00f6rl\u00fc Frenli \u00c7eki Oku<br \/>\n4 Adet Karavan K\u00f6\u015fe Ayak<br \/>\n2 Adet Dingil Amortis\u00f6r\u00fc<br \/>\n1350 Kg Frenli Dingil (5X112 Bijon)<br \/>\nKelep\u00e7e &#8211; 48 mm<br \/>\nFren telleri, bijonlar ve montaj civatalar\u0131<\/span><\/td>\n<\/tr>\n<tr>\n<td class=\"xl63\"><span>Hari\u00e7 Bile\u015fenler:<\/span><span><br \/>\nKriko Kolu<br \/>\nDestek Tekerle\u011fi<br \/>\nLastikler<br \/>\nJantlar<\/span><\/td>\n<\/tr>\n<\/tbody>\n<\/table>\n\n\t\t<style type=\"text\/css\">\n\t\t\t#gallery-1 {\n\t\t\t\tmargin: auto;\n\t\t\t}\n\t\t\t#gallery-1 .gallery-item {\n\t\t\t\tfloat: left;\n\t\t\t\tmargin-top: 10px;\n\t\t\t\ttext-align: center;\n\t\t\t\twidth: 33%;\n\t\t\t}\n\t\t\t#gallery-1 img {\n\t\t\t\tborder: 2px solid #cfcfcf;\n\t\t\t}\n\t\t\t#gallery-1 .gallery-caption {\n\t\t\t\tmargin-left: 0;\n\t\t\t}\n\t\t\t\/* see gallery_shortcode() in wp-includes\/media.php *\/\n\t\t<\/style>\n\t\t<div id='gallery-1' class='gallery galleryid-832 gallery-columns-3 gallery-size-thumbnail'><dl class='gallery-item'>\n\t\t\t<dt class='gallery-icon landscape'>\n\t\t\t\t<a href='https:\/\/www.karavansatis.com.tr\/?attachment_id=833'><img loading=\"lazy\" decoding=\"async\" width=\"96\" height=\"96\" src=\"https:\/\/www.karavansatis.com.tr\/wp-content\/uploads\/2023\/06\/cekme-karavan-icin-hazir-alt-sasi-3500-77201a.webp\" class=\"attachment-thumbnail size-thumbnail\" alt=\"\" srcset=\"https:\/\/www.karavansatis.com.tr\/wp-content\/uploads\/2023\/06\/cekme-karavan-icin-hazir-alt-sasi-3500-77201a.webp 1000w, https:\/\/www.karavansatis.com.tr\/wp-content\/uploads\/2023\/06\/cekme-karavan-icin-hazir-alt-sasi-3500-77201a-768x768.webp 768w, https:\/\/www.karavansatis.com.tr\/wp-content\/uploads\/2023\/06\/cekme-karavan-icin-hazir-alt-sasi-3500-77201a-32x32.webp 32w, https:\/\/www.karavansatis.com.tr\/wp-content\/uploads\/2023\/06\/cekme-karavan-icin-hazir-alt-sasi-3500-77201a-100x100.webp 100w, https:\/\/www.karavansatis.com.tr\/wp-content\/uploads\/2023\/06\/cekme-karavan-icin-hazir-alt-sasi-3500-77201a-250x250.webp 250w, https:\/\/www.karavansatis.com.tr\/wp-content\/uploads\/2023\/06\/cekme-karavan-icin-hazir-alt-sasi-3500-77201a-500x500.webp 500w, https:\/\/www.karavansatis.com.tr\/wp-content\/uploads\/2023\/06\/cekme-karavan-icin-hazir-alt-sasi-3500-77201a-370x370.webp 370w, https:\/\/www.karavansatis.com.tr\/wp-content\/uploads\/2023\/06\/cekme-karavan-icin-hazir-alt-sasi-3500-77201a-160x160.webp 160w, https:\/\/www.karavansatis.com.tr\/wp-content\/uploads\/2023\/06\/cekme-karavan-icin-hazir-alt-sasi-3500-77201a-960x960.webp 960w, https:\/\/www.karavansatis.com.tr\/wp-content\/uploads\/2023\/06\/cekme-karavan-icin-hazir-alt-sasi-3500-77201a-480x480.webp 480w, https:\/\/www.karavansatis.com.tr\/wp-content\/uploads\/2023\/06\/cekme-karavan-icin-hazir-alt-sasi-3500-77201a-456x456.webp 456w, https:\/\/www.karavansatis.com.tr\/wp-content\/uploads\/2023\/06\/cekme-karavan-icin-hazir-alt-sasi-3500-77201a-120x120.webp 120w, https:\/\/www.karavansatis.com.tr\/wp-content\/uploads\/2023\/06\/cekme-karavan-icin-hazir-alt-sasi-3500-77201a-550x550.webp 550w, https:\/\/www.karavansatis.com.tr\/wp-content\/uploads\/2023\/06\/cekme-karavan-icin-hazir-alt-sasi-3500-77201a-180x180.webp 180w\" sizes=\"auto, (max-width: 96px) 100vw, 96px\" \/><\/a>\n\t\t\t<\/dt><\/dl><dl class='gallery-item'>\n\t\t\t<dt class='gallery-icon portrait'>\n\t\t\t\t<a href='https:\/\/www.karavansatis.com.tr\/?attachment_id=834'><img loading=\"lazy\" decoding=\"async\" width=\"84\" height=\"96\" src=\"https:\/\/www.karavansatis.com.tr\/wp-content\/uploads\/2023\/06\/sase.jpeg\" class=\"attachment-thumbnail size-thumbnail\" alt=\"\" srcset=\"https:\/\/www.karavansatis.com.tr\/wp-content\/uploads\/2023\/06\/sase.jpeg 892w, https:\/\/www.karavansatis.com.tr\/wp-content\/uploads\/2023\/06\/sase-768x882.jpeg 768w, https:\/\/www.karavansatis.com.tr\/wp-content\/uploads\/2023\/06\/sase-28x32.jpeg 28w, https:\/\/www.karavansatis.com.tr\/wp-content\/uploads\/2023\/06\/sase-87x100.jpeg 87w, https:\/\/www.karavansatis.com.tr\/wp-content\/uploads\/2023\/06\/sase-218x250.jpeg 218w, https:\/\/www.karavansatis.com.tr\/wp-content\/uploads\/2023\/06\/sase-436x500.jpeg 436w, https:\/\/www.karavansatis.com.tr\/wp-content\/uploads\/2023\/06\/sase-370x425.jpeg 370w, https:\/\/www.karavansatis.com.tr\/wp-content\/uploads\/2023\/06\/sase-139x160.jpeg 139w, https:\/\/www.karavansatis.com.tr\/wp-content\/uploads\/2023\/06\/sase-479x550.jpeg 479w\" sizes=\"auto, (max-width: 84px) 100vw, 84px\" \/><\/a>\n\t\t\t<\/dt><\/dl>\n\t\t\t<br style='clear: both' \/>\n\t\t<\/div>\n\n","protected":false},"excerpt":{"rendered":"<p>\u00c7ekme Karavanlar i\u00e7in haz\u0131r \u015fase olup demonte haldedir. Belgesiz olarak sat\u0131lmaktad\u0131r. Uygun Karavan Kabin Boyu : 3,5 Mt. Uygun Karavan Kabin Eni : 2 Mt. Teknik Resimlerinden ayr\u0131nt\u0131lar\u0131n\u0131 ve \u00f6l\u00e7\u00fclerini inceleyebilirsiniz. Dahil Olan Bile\u015fenler : \u015ease G\u00f6vdesi Stabilizat\u00f6rl\u00fc Frenli \u00c7eki Oku 4 Adet Karavan K\u00f6\u015fe Ayak 2 Adet Dingil Amortis\u00f6r\u00fc 1350 Kg Frenli Dingil (5X112 Bijon) Kelep\u00e7e &#8211; 48 mm&#8230;<\/p>\n","protected":false},"author":1,"featured_media":0,"parent":0,"menu_order":0,"comment_status":"closed","ping_status":"closed","template":"","meta":{"footnotes":""},"class_list":["post-832","page","type-page","status-publish","hentry"],"_links":{"self":[{"href":"https:\/\/www.karavansatis.com.tr\/index.php?rest_route=\/wp\/v2\/pages\/832","targetHints":{"allow":["GET"]}}],"collection":[{"href":"https:\/\/www.karavansatis.com.tr\/index.php?rest_route=\/wp\/v2\/pages"}],"about":[{"href":"https:\/\/www.karavansatis.com.tr\/index.php?rest_route=\/wp\/v2\/types\/page"}],"author":[{"embeddable":true,"href":"https:\/\/www.karavansatis.com.tr\/index.php?rest_route=\/wp\/v2\/users\/1"}],"replies":[{"embeddable":true,"href":"https:\/\/www.karavansatis.com.tr\/index.php?rest_route=%2Fwp%2Fv2%2Fcomments&post=832"}],"version-history":[{"count":1,"href":"https:\/\/www.karavansatis.com.tr\/index.php?rest_route=\/wp\/v2\/pages\/832\/revisions"}],"predecessor-version":[{"id":835,"href":"https:\/\/www.karavansatis.com.tr\/index.php?rest_route=\/wp\/v2\/pages\/832\/revisions\/835"}],"wp:attachment":[{"href":"https:\/\/www.karavansatis.com.tr\/index.php?rest_route=%2Fwp%2Fv2%2Fmedia&parent=832"}],"curies":[{"name":"wp","href":"https:\/\/api.w.org\/{rel}","templated":true}]}}