{"id":592,"date":"2023-05-30T22:56:08","date_gmt":"2023-05-30T19:56:08","guid":{"rendered":"https:\/\/www.karavansatis.com.tr\/demo3\/?page_id=592"},"modified":"2023-05-30T23:06:45","modified_gmt":"2023-05-30T20:06:45","slug":"inverter","status":"publish","type":"page","link":"https:\/\/www.karavansatis.com.tr\/?page_id=592","title":{"rendered":"\u0130nverter"},"content":{"rendered":"<p>Teknovasyon Arge G\u00dcNE\u015e ENERJ\u0130S\u0130 KARAVAN SOLAR PAKET\u0130 1KVA MPPT \u0130NVERTER 205W G\u00dcNE\u015e PANEL\u0130<\/p>\n<p>\u00dcNE\u015e ENERJ\u0130S\u0130 KARAVAN SOLAR PAKET\u0130 1KVA MPPT \u0130NVERTER 205W G\u00dcNE\u015e PANEL\u0130<\/p>\n<p>Paket \u0130\u00e7eri\u011fi<\/p>\n<p>1KVA MPPT 12V 1000 WATT 220V Ak\u0131ll\u0131 Tam Sin\u00fcs \u0130nvert\u00f6r ( 1 Adet)<br \/>\n200W 205 Watt Monokristal Perc Solar G\u00fcne\u015f Paneli( 2 Adet)<\/p>\n<p>12 VOLT 200 AMPER KARBON JEL AK\u00dc DER\u0130N D\u00d6NG\u00dc DEEP CYCLE 202( 1 Adet)<\/p>\n<p>Solar kablo G\u00fcne\u015f paneli \u0130le inverter aras\u0131 u\u00e7lar\u0131 konnekt\u00f6rl\u00fc ( 1 Adet)<\/p>\n<p>Ak\u00fc ile \u0130nverter Aras\u0131 Kablo Solar G\u00fcne\u015f paneli( 1 Adet)<br \/>\n7 Par\u00e7al\u0131 Karavan G\u00fcne\u015f Paneli Montaj Seti ( 2 Adet)<\/p>\n<p>1KVA MPPT 12V 1000 WATT 220V Ak\u0131ll\u0131 Tam Sin\u00fcs \u0130nvert\u00f6r ( 1 Adet)<\/p>\n<p>200W 205 Watt Monokristal Perc Solar G\u00fcne\u015f Paneli ( 2 Adet)<br \/>\n\u00dcr\u00fcn Tan\u0131m\u0131<\/p>\n<p>Sertifikalar:CE, IEC<br \/>\nElektriksel \u00d6zellikler<br \/>\nG\u00fc\u00e7: 205W<br \/>\nH\u00fccre Say\u0131s\u0131: 36<br \/>\nA\u00e7\u0131k Devre Voltaj\u0131 (Voc):23,80V<br \/>\nMaks. Voltaj (Vmp): 20,70V<br \/>\nK\u0131sa Devre Ak\u0131m\u0131 (Isc):9,99A<br \/>\nMaks. Ak\u0131m (Imp): 9.79A<br \/>\nMaks. Sistem Voltaj\u0131:1000V<br \/>\nMekanik \u00d6zellikler<br \/>\nMod\u00fcl \u00d6l\u00e7\u00fcleri (mm):1510*680*30<br \/>\nA\u011f\u0131rl\u0131k: 11,9kg<\/p>\n<p>Standart Test Ko\u015fullar\u0131: Am=1.5 E=1000W\/m2 Tc=25\u2103<\/p>\n<p>12 VOLT 200 AMPER KARBON JEL AK\u00dc DER\u0130N D\u00d6NG\u00dc DEEP CYCLE 202 ( 1 Adet)<br \/>\nVolt: 12 V<br \/>\nAmper: 200 AH<br \/>\nGaranti: 2 YIL<br \/>\n\u00d6mr\u00fc: 10 YIL (tahmin)<br \/>\nBoyut: 52,2*24*21,8 CM<\/p>\n<p>Kg: 63<br \/>\nSolar kablo G\u00fcne\u015f paneli \u0130le inverter aras\u0131 u\u00e7lar\u0131 konnekt\u00f6rl\u00fc ( 1 Adet)<\/p>\n<p>Model no: CW-P\u015e-SK-605<br \/>\nPanel ile \u015farj kontrol cihaz\u0131 aras\u0131 6mm<br \/>\nSiyah 5 metre &#8211; K\u0131rm\u0131z\u0131 5 metre<br \/>\nSMC konnekt\u00f6rl\u00fc di\u011fer ucu y\u00fcss\u00fckl\u00fc izoleli<\/p>\n<p>Ak\u00fc ile \u0130nverter Aras\u0131 Kablo Solar G\u00fcne\u015f paneli ( 1 Adet)<br \/>\nModel No: CW-A\u0130BK-10<br \/>\nSiyah 1 metre &#8211; K\u0131rm\u0131z\u0131 1 metre<br \/>\nA25 pabu\u00e7lu di\u011fer ucu y\u00fcss\u00fckl\u00fc izoleli<\/p>\n<p>7 Par\u00e7al\u0131 Karavan G\u00fcne\u015f Paneli Montaj Seti ( 2 Adet)<br \/>\n7 adet \/ 1 tak\u0131m UV dayan\u0131kl\u0131 G\u00dcNE\u015e PANELI ABS montaj kiti beyaz k\u00f6\u015fe montaj ve RV i\u00e7in yan ba\u011flant\u0131 par\u00e7as\u0131, tekne ve karavan Kullan\u0131m\u0131 \u0130\u00e7in Uygun<\/p>\n<p>\u00d6zellik<\/p>\n<p>Malzeme: ABS, UV direnci<\/p>\n<p>Renk: Beyaz<\/p>\n<p>50% a\u011f\u0131rl\u0131k azaltma<\/p>\n<p>20 W ila 550 W paneller ile uyumludur.<\/p>\n<p>Pakete diledi\u011finiz gibi \u00fcr\u00fcn ekleyip \u00e7\u0131kartabilir, dilerseniz \u00e7\u0131karmak veya eklemek istedi\u011finiz \u00fcr\u00fcn fiyat\u0131na internet adresimizden bakabilir ya da bizlere fiyat sorabilirsiniz.<\/p>\n<p>G\u00f6rseller temsilidir<br \/>\nTommatech Teknovasyon Arge G\u00fcne\u015f Enerjisi Karavan Solar Paketi 1kva Mppt Inverter 205W G\u00fcne\u015f Paneli \u00d6zellikleri<\/p>\n\n\t\t<style type=\"text\/css\">\n\t\t\t#gallery-1 {\n\t\t\t\tmargin: auto;\n\t\t\t}\n\t\t\t#gallery-1 .gallery-item {\n\t\t\t\tfloat: left;\n\t\t\t\tmargin-top: 10px;\n\t\t\t\ttext-align: center;\n\t\t\t\twidth: 11%;\n\t\t\t}\n\t\t\t#gallery-1 img {\n\t\t\t\tborder: 2px solid #cfcfcf;\n\t\t\t}\n\t\t\t#gallery-1 .gallery-caption {\n\t\t\t\tmargin-left: 0;\n\t\t\t}\n\t\t\t\/* see gallery_shortcode() in wp-includes\/media.php *\/\n\t\t<\/style>\n\t\t<div id='gallery-1' class='gallery galleryid-592 gallery-columns-9 gallery-size-thumbnail'><dl class='gallery-item'>\n\t\t\t<dt class='gallery-icon landscape'>\n\t\t\t\t<a href='https:\/\/www.karavansatis.com.tr\/?attachment_id=588'><img loading=\"lazy\" decoding=\"async\" width=\"96\" height=\"96\" src=\"https:\/\/www.karavansatis.com.tr\/wp-content\/uploads\/2023\/05\/inverter4-150x150.jpg\" class=\"attachment-thumbnail size-thumbnail\" alt=\"\" srcset=\"https:\/\/www.karavansatis.com.tr\/wp-content\/uploads\/2023\/05\/inverter4-150x150.jpg 150w, https:\/\/www.karavansatis.com.tr\/wp-content\/uploads\/2023\/05\/inverter4-300x300.jpg 300w, https:\/\/www.karavansatis.com.tr\/wp-content\/uploads\/2023\/05\/inverter4-32x32.jpg 32w, https:\/\/www.karavansatis.com.tr\/wp-content\/uploads\/2023\/05\/inverter4-100x100.jpg 100w, https:\/\/www.karavansatis.com.tr\/wp-content\/uploads\/2023\/05\/inverter4-250x250.jpg 250w, https:\/\/www.karavansatis.com.tr\/wp-content\/uploads\/2023\/05\/inverter4-370x370.jpg 370w, https:\/\/www.karavansatis.com.tr\/wp-content\/uploads\/2023\/05\/inverter4-160x160.jpg 160w, https:\/\/www.karavansatis.com.tr\/wp-content\/uploads\/2023\/05\/inverter4-480x480.jpg 480w, https:\/\/www.karavansatis.com.tr\/wp-content\/uploads\/2023\/05\/inverter4-456x456.jpg 456w, https:\/\/www.karavansatis.com.tr\/wp-content\/uploads\/2023\/05\/inverter4-120x120.jpg 120w, https:\/\/www.karavansatis.com.tr\/wp-content\/uploads\/2023\/05\/inverter4-180x180.jpg 180w, https:\/\/www.karavansatis.com.tr\/wp-content\/uploads\/2023\/05\/inverter4.jpg 500w\" sizes=\"auto, (max-width: 96px) 100vw, 96px\" \/><\/a>\n\t\t\t<\/dt><\/dl><dl class='gallery-item'>\n\t\t\t<dt class='gallery-icon landscape'>\n\t\t\t\t<a href='https:\/\/www.karavansatis.com.tr\/?attachment_id=587'><img loading=\"lazy\" decoding=\"async\" width=\"96\" height=\"96\" src=\"https:\/\/www.karavansatis.com.tr\/wp-content\/uploads\/2023\/05\/inverter3-150x150.jpg\" class=\"attachment-thumbnail size-thumbnail\" alt=\"\" srcset=\"https:\/\/www.karavansatis.com.tr\/wp-content\/uploads\/2023\/05\/inverter3-150x150.jpg 150w, https:\/\/www.karavansatis.com.tr\/wp-content\/uploads\/2023\/05\/inverter3-300x300.jpg 300w, https:\/\/www.karavansatis.com.tr\/wp-content\/uploads\/2023\/05\/inverter3-32x32.jpg 32w, https:\/\/www.karavansatis.com.tr\/wp-content\/uploads\/2023\/05\/inverter3-100x100.jpg 100w, https:\/\/www.karavansatis.com.tr\/wp-content\/uploads\/2023\/05\/inverter3-250x250.jpg 250w, https:\/\/www.karavansatis.com.tr\/wp-content\/uploads\/2023\/05\/inverter3-370x370.jpg 370w, https:\/\/www.karavansatis.com.tr\/wp-content\/uploads\/2023\/05\/inverter3-160x160.jpg 160w, https:\/\/www.karavansatis.com.tr\/wp-content\/uploads\/2023\/05\/inverter3-480x480.jpg 480w, https:\/\/www.karavansatis.com.tr\/wp-content\/uploads\/2023\/05\/inverter3-456x456.jpg 456w, https:\/\/www.karavansatis.com.tr\/wp-content\/uploads\/2023\/05\/inverter3-120x120.jpg 120w, https:\/\/www.karavansatis.com.tr\/wp-content\/uploads\/2023\/05\/inverter3-180x180.jpg 180w, https:\/\/www.karavansatis.com.tr\/wp-content\/uploads\/2023\/05\/inverter3.jpg 500w\" sizes=\"auto, (max-width: 96px) 100vw, 96px\" \/><\/a>\n\t\t\t<\/dt><\/dl><dl class='gallery-item'>\n\t\t\t<dt class='gallery-icon landscape'>\n\t\t\t\t<a href='https:\/\/www.karavansatis.com.tr\/?attachment_id=586'><img loading=\"lazy\" decoding=\"async\" width=\"96\" height=\"96\" src=\"https:\/\/www.karavansatis.com.tr\/wp-content\/uploads\/2023\/05\/inverter2-150x150.jpg\" class=\"attachment-thumbnail size-thumbnail\" alt=\"\" srcset=\"https:\/\/www.karavansatis.com.tr\/wp-content\/uploads\/2023\/05\/inverter2-150x150.jpg 150w, https:\/\/www.karavansatis.com.tr\/wp-content\/uploads\/2023\/05\/inverter2-300x300.jpg 300w, https:\/\/www.karavansatis.com.tr\/wp-content\/uploads\/2023\/05\/inverter2-1024x1024.jpg 1024w, https:\/\/www.karavansatis.com.tr\/wp-content\/uploads\/2023\/05\/inverter2-768x768.jpg 768w, https:\/\/www.karavansatis.com.tr\/wp-content\/uploads\/2023\/05\/inverter2-32x32.jpg 32w, https:\/\/www.karavansatis.com.tr\/wp-content\/uploads\/2023\/05\/inverter2-100x100.jpg 100w, https:\/\/www.karavansatis.com.tr\/wp-content\/uploads\/2023\/05\/inverter2-250x250.jpg 250w, https:\/\/www.karavansatis.com.tr\/wp-content\/uploads\/2023\/05\/inverter2-500x500.jpg 500w, https:\/\/www.karavansatis.com.tr\/wp-content\/uploads\/2023\/05\/inverter2-370x370.jpg 370w, https:\/\/www.karavansatis.com.tr\/wp-content\/uploads\/2023\/05\/inverter2-160x160.jpg 160w, https:\/\/www.karavansatis.com.tr\/wp-content\/uploads\/2023\/05\/inverter2-960x960.jpg 960w, https:\/\/www.karavansatis.com.tr\/wp-content\/uploads\/2023\/05\/inverter2-480x480.jpg 480w, https:\/\/www.karavansatis.com.tr\/wp-content\/uploads\/2023\/05\/inverter2-456x456.jpg 456w, https:\/\/www.karavansatis.com.tr\/wp-content\/uploads\/2023\/05\/inverter2-120x120.jpg 120w, https:\/\/www.karavansatis.com.tr\/wp-content\/uploads\/2023\/05\/inverter2-550x550.jpg 550w, https:\/\/www.karavansatis.com.tr\/wp-content\/uploads\/2023\/05\/inverter2-180x180.jpg 180w, https:\/\/www.karavansatis.com.tr\/wp-content\/uploads\/2023\/05\/inverter2.jpg 1500w\" sizes=\"auto, (max-width: 96px) 100vw, 96px\" \/><\/a>\n\t\t\t<\/dt><\/dl><dl class='gallery-item'>\n\t\t\t<dt class='gallery-icon landscape'>\n\t\t\t\t<a href='https:\/\/www.karavansatis.com.tr\/?attachment_id=585'><img loading=\"lazy\" decoding=\"async\" width=\"96\" height=\"96\" src=\"https:\/\/www.karavansatis.com.tr\/wp-content\/uploads\/2023\/05\/inverter1-150x150.jpg\" class=\"attachment-thumbnail size-thumbnail\" alt=\"\" srcset=\"https:\/\/www.karavansatis.com.tr\/wp-content\/uploads\/2023\/05\/inverter1-150x150.jpg 150w, https:\/\/www.karavansatis.com.tr\/wp-content\/uploads\/2023\/05\/inverter1-300x300.jpg 300w, https:\/\/www.karavansatis.com.tr\/wp-content\/uploads\/2023\/05\/inverter1-1024x1024.jpg 1024w, https:\/\/www.karavansatis.com.tr\/wp-content\/uploads\/2023\/05\/inverter1-768x768.jpg 768w, https:\/\/www.karavansatis.com.tr\/wp-content\/uploads\/2023\/05\/inverter1-32x32.jpg 32w, https:\/\/www.karavansatis.com.tr\/wp-content\/uploads\/2023\/05\/inverter1-100x100.jpg 100w, https:\/\/www.karavansatis.com.tr\/wp-content\/uploads\/2023\/05\/inverter1-250x250.jpg 250w, https:\/\/www.karavansatis.com.tr\/wp-content\/uploads\/2023\/05\/inverter1-500x500.jpg 500w, https:\/\/www.karavansatis.com.tr\/wp-content\/uploads\/2023\/05\/inverter1-370x370.jpg 370w, https:\/\/www.karavansatis.com.tr\/wp-content\/uploads\/2023\/05\/inverter1-160x160.jpg 160w, https:\/\/www.karavansatis.com.tr\/wp-content\/uploads\/2023\/05\/inverter1-960x960.jpg 960w, https:\/\/www.karavansatis.com.tr\/wp-content\/uploads\/2023\/05\/inverter1-480x480.jpg 480w, https:\/\/www.karavansatis.com.tr\/wp-content\/uploads\/2023\/05\/inverter1-456x456.jpg 456w, https:\/\/www.karavansatis.com.tr\/wp-content\/uploads\/2023\/05\/inverter1-120x120.jpg 120w, https:\/\/www.karavansatis.com.tr\/wp-content\/uploads\/2023\/05\/inverter1-550x550.jpg 550w, https:\/\/www.karavansatis.com.tr\/wp-content\/uploads\/2023\/05\/inverter1-180x180.jpg 180w, https:\/\/www.karavansatis.com.tr\/wp-content\/uploads\/2023\/05\/inverter1.jpg 1500w\" sizes=\"auto, (max-width: 96px) 100vw, 96px\" \/><\/a>\n\t\t\t<\/dt><\/dl>\n\t\t\t<br style='clear: both' \/>\n\t\t<\/div>\n\n","protected":false},"excerpt":{"rendered":"<p>Teknovasyon Arge G\u00dcNE\u015e ENERJ\u0130S\u0130 KARAVAN SOLAR PAKET\u0130 1KVA MPPT \u0130NVERTER 205W G\u00dcNE\u015e PANEL\u0130 \u00dcNE\u015e ENERJ\u0130S\u0130 KARAVAN SOLAR PAKET\u0130 1KVA MPPT \u0130NVERTER 205W G\u00dcNE\u015e PANEL\u0130 Paket \u0130\u00e7eri\u011fi 1KVA MPPT 12V 1000 WATT 220V Ak\u0131ll\u0131 Tam Sin\u00fcs \u0130nvert\u00f6r ( 1 Adet) 200W 205 Watt Monokristal Perc Solar G\u00fcne\u015f Paneli( 2 Adet) 12 VOLT 200 AMPER KARBON JEL AK\u00dc DER\u0130N D\u00d6NG\u00dc DEEP CYCLE&#8230;<\/p>\n","protected":false},"author":1,"featured_media":0,"parent":0,"menu_order":0,"comment_status":"closed","ping_status":"closed","template":"","meta":{"footnotes":""},"class_list":["post-592","page","type-page","status-publish","hentry"],"_links":{"self":[{"href":"https:\/\/www.karavansatis.com.tr\/index.php?rest_route=\/wp\/v2\/pages\/592","targetHints":{"allow":["GET"]}}],"collection":[{"href":"https:\/\/www.karavansatis.com.tr\/index.php?rest_route=\/wp\/v2\/pages"}],"about":[{"href":"https:\/\/www.karavansatis.com.tr\/index.php?rest_route=\/wp\/v2\/types\/page"}],"author":[{"embeddable":true,"href":"https:\/\/www.karavansatis.com.tr\/index.php?rest_route=\/wp\/v2\/users\/1"}],"replies":[{"embeddable":true,"href":"https:\/\/www.karavansatis.com.tr\/index.php?rest_route=%2Fwp%2Fv2%2Fcomments&post=592"}],"version-history":[{"count":4,"href":"https:\/\/www.karavansatis.com.tr\/index.php?rest_route=\/wp\/v2\/pages\/592\/revisions"}],"predecessor-version":[{"id":597,"href":"https:\/\/www.karavansatis.com.tr\/index.php?rest_route=\/wp\/v2\/pages\/592\/revisions\/597"}],"wp:attachment":[{"href":"https:\/\/www.karavansatis.com.tr\/index.php?rest_route=%2Fwp%2Fv2%2Fmedia&parent=592"}],"curies":[{"name":"wp","href":"https:\/\/api.w.org\/{rel}","templated":true}]}}