{"id":577,"date":"2023-05-30T22:29:03","date_gmt":"2023-05-30T19:29:03","guid":{"rendered":"https:\/\/www.karavansatis.com.tr\/demo3\/?page_id=577"},"modified":"2023-06-07T22:23:02","modified_gmt":"2023-06-07T19:23:02","slug":"gunes-paneli","status":"publish","type":"page","link":"https:\/\/www.karavansatis.com.tr\/?page_id=577","title":{"rendered":"205 Watt G\u00fcne\u015f Paneli"},"content":{"rendered":"<table>\n<tbody>\n<tr>\n<td class=\"no-border\">\n<div id=\"productDescriptionContent\">\n<p>Sertifikalar:CE, IEC<\/p>\n<p>&nbsp;<\/p>\n<p>Elektriksel \u00d6zellikler<\/p>\n<p>G\u00fc\u00e7:205W<\/p>\n<p>H\u00fccre Say\u0131s\u0131:36<\/p>\n<p>A\u00e7\u0131k Devre Voltaj\u0131 (Voc):24,84V<\/p>\n<p>Maks. Voltaj (Vmp):20,70V<\/p>\n<p>K\u0131sa Devre Ak\u0131m\u0131 (Isc):10,45A<\/p>\n<p>Maks. Ak\u0131m (Imp):9,90A<\/p>\n<p>Maks. Sistem Voltaj\u0131:1000V<\/p>\n<p>&nbsp;<\/p>\n<p>Mekanik \u00d6zellikler<\/p>\n<p>Mod\u00fcl \u00d6l\u00e7\u00fcleri(mm):1505*679*30<\/p>\n<p>A\u011f\u0131rl\u0131k:11,9kg<\/p>\n<p>Standart Test Ko\u015fullar\u0131: Am=1.5 E=1000W\/m2 Tc=25\u2103<\/p>\n\n\t\t<style type=\"text\/css\">\n\t\t\t#gallery-1 {\n\t\t\t\tmargin: auto;\n\t\t\t}\n\t\t\t#gallery-1 .gallery-item {\n\t\t\t\tfloat: left;\n\t\t\t\tmargin-top: 10px;\n\t\t\t\ttext-align: center;\n\t\t\t\twidth: 33%;\n\t\t\t}\n\t\t\t#gallery-1 img {\n\t\t\t\tborder: 2px solid #cfcfcf;\n\t\t\t}\n\t\t\t#gallery-1 .gallery-caption {\n\t\t\t\tmargin-left: 0;\n\t\t\t}\n\t\t\t\/* see gallery_shortcode() in wp-includes\/media.php *\/\n\t\t<\/style>\n\t\t<div id='gallery-1' class='gallery galleryid-577 gallery-columns-3 gallery-size-thumbnail'><dl class='gallery-item'>\n\t\t\t<dt class='gallery-icon landscape'>\n\t\t\t\t<a href='https:\/\/www.karavansatis.com.tr\/?attachment_id=587'><img loading=\"lazy\" decoding=\"async\" width=\"96\" height=\"96\" src=\"https:\/\/www.karavansatis.com.tr\/wp-content\/uploads\/2023\/05\/inverter3-150x150.jpg\" class=\"attachment-thumbnail size-thumbnail\" alt=\"\" srcset=\"https:\/\/www.karavansatis.com.tr\/wp-content\/uploads\/2023\/05\/inverter3-150x150.jpg 150w, https:\/\/www.karavansatis.com.tr\/wp-content\/uploads\/2023\/05\/inverter3-300x300.jpg 300w, https:\/\/www.karavansatis.com.tr\/wp-content\/uploads\/2023\/05\/inverter3-32x32.jpg 32w, https:\/\/www.karavansatis.com.tr\/wp-content\/uploads\/2023\/05\/inverter3-100x100.jpg 100w, https:\/\/www.karavansatis.com.tr\/wp-content\/uploads\/2023\/05\/inverter3-250x250.jpg 250w, https:\/\/www.karavansatis.com.tr\/wp-content\/uploads\/2023\/05\/inverter3-370x370.jpg 370w, https:\/\/www.karavansatis.com.tr\/wp-content\/uploads\/2023\/05\/inverter3-160x160.jpg 160w, https:\/\/www.karavansatis.com.tr\/wp-content\/uploads\/2023\/05\/inverter3-480x480.jpg 480w, https:\/\/www.karavansatis.com.tr\/wp-content\/uploads\/2023\/05\/inverter3-456x456.jpg 456w, https:\/\/www.karavansatis.com.tr\/wp-content\/uploads\/2023\/05\/inverter3-120x120.jpg 120w, https:\/\/www.karavansatis.com.tr\/wp-content\/uploads\/2023\/05\/inverter3-180x180.jpg 180w, https:\/\/www.karavansatis.com.tr\/wp-content\/uploads\/2023\/05\/inverter3.jpg 500w\" sizes=\"auto, (max-width: 96px) 100vw, 96px\" \/><\/a>\n\t\t\t<\/dt><\/dl>\n\t\t\t<br style='clear: both' \/>\n\t\t<\/div>\n\n<p>&nbsp;<\/p>\n<\/div>\n<\/td>\n<\/tr>\n<\/tbody>\n<\/table>\n","protected":false},"excerpt":{"rendered":"<p>Sertifikalar:CE, IEC &nbsp; Elektriksel \u00d6zellikler G\u00fc\u00e7:205W H\u00fccre Say\u0131s\u0131:36 A\u00e7\u0131k Devre Voltaj\u0131 (Voc):24,84V Maks. Voltaj (Vmp):20,70V K\u0131sa Devre Ak\u0131m\u0131 (Isc):10,45A Maks. Ak\u0131m (Imp):9,90A Maks. Sistem Voltaj\u0131:1000V &nbsp; Mekanik \u00d6zellikler Mod\u00fcl \u00d6l\u00e7\u00fcleri(mm):1505*679*30 A\u011f\u0131rl\u0131k:11,9kg Standart Test Ko\u015fullar\u0131: Am=1.5 E=1000W\/m2 Tc=25\u2103 &nbsp;<\/p>\n","protected":false},"author":1,"featured_media":0,"parent":0,"menu_order":0,"comment_status":"closed","ping_status":"closed","template":"","meta":{"footnotes":""},"class_list":["post-577","page","type-page","status-publish","hentry"],"_links":{"self":[{"href":"https:\/\/www.karavansatis.com.tr\/index.php?rest_route=\/wp\/v2\/pages\/577","targetHints":{"allow":["GET"]}}],"collection":[{"href":"https:\/\/www.karavansatis.com.tr\/index.php?rest_route=\/wp\/v2\/pages"}],"about":[{"href":"https:\/\/www.karavansatis.com.tr\/index.php?rest_route=\/wp\/v2\/types\/page"}],"author":[{"embeddable":true,"href":"https:\/\/www.karavansatis.com.tr\/index.php?rest_route=\/wp\/v2\/users\/1"}],"replies":[{"embeddable":true,"href":"https:\/\/www.karavansatis.com.tr\/index.php?rest_route=%2Fwp%2Fv2%2Fcomments&post=577"}],"version-history":[{"count":6,"href":"https:\/\/www.karavansatis.com.tr\/index.php?rest_route=\/wp\/v2\/pages\/577\/revisions"}],"predecessor-version":[{"id":820,"href":"https:\/\/www.karavansatis.com.tr\/index.php?rest_route=\/wp\/v2\/pages\/577\/revisions\/820"}],"wp:attachment":[{"href":"https:\/\/www.karavansatis.com.tr\/index.php?rest_route=%2Fwp%2Fv2%2Fmedia&parent=577"}],"curies":[{"name":"wp","href":"https:\/\/api.w.org\/{rel}","templated":true}]}}