{"id":555,"date":"2023-05-30T21:50:25","date_gmt":"2023-05-30T18:50:25","guid":{"rendered":"https:\/\/www.karavansatis.com.tr\/demo3\/?page_id=555"},"modified":"2023-05-30T22:06:05","modified_gmt":"2023-05-30T19:06:05","slug":"lpg","status":"publish","type":"page","link":"https:\/\/www.karavansatis.com.tr\/?page_id=555","title":{"rendered":"Doldurulabilir Karavan Lpg Tank Seti"},"content":{"rendered":"<ul class=\"detail-desc-list two-columns\">\n<li>\n\t\t<style type=\"text\/css\">\n\t\t\t#gallery-1 {\n\t\t\t\tmargin: auto;\n\t\t\t}\n\t\t\t#gallery-1 .gallery-item {\n\t\t\t\tfloat: left;\n\t\t\t\tmargin-top: 10px;\n\t\t\t\ttext-align: center;\n\t\t\t\twidth: 33%;\n\t\t\t}\n\t\t\t#gallery-1 img {\n\t\t\t\tborder: 2px solid #cfcfcf;\n\t\t\t}\n\t\t\t#gallery-1 .gallery-caption {\n\t\t\t\tmargin-left: 0;\n\t\t\t}\n\t\t\t\/* see gallery_shortcode() in wp-includes\/media.php *\/\n\t\t<\/style>\n\t\t<div id='gallery-1' class='gallery galleryid-555 gallery-columns-3 gallery-size-thumbnail'><dl class='gallery-item'>\n\t\t\t<dt class='gallery-icon landscape'>\n\t\t\t\t<a href='https:\/\/www.karavansatis.com.tr\/?attachment_id=560'><img loading=\"lazy\" decoding=\"async\" width=\"96\" height=\"96\" src=\"https:\/\/www.karavansatis.com.tr\/wp-content\/uploads\/2023\/05\/lpg1-150x150.webp\" class=\"attachment-thumbnail size-thumbnail\" alt=\"\" srcset=\"https:\/\/www.karavansatis.com.tr\/wp-content\/uploads\/2023\/05\/lpg1-150x150.webp 150w, https:\/\/www.karavansatis.com.tr\/wp-content\/uploads\/2023\/05\/lpg1-300x300.webp 300w, https:\/\/www.karavansatis.com.tr\/wp-content\/uploads\/2023\/05\/lpg1-32x32.webp 32w, https:\/\/www.karavansatis.com.tr\/wp-content\/uploads\/2023\/05\/lpg1-100x100.webp 100w, https:\/\/www.karavansatis.com.tr\/wp-content\/uploads\/2023\/05\/lpg1-250x250.webp 250w, https:\/\/www.karavansatis.com.tr\/wp-content\/uploads\/2023\/05\/lpg1-500x500.webp 500w, https:\/\/www.karavansatis.com.tr\/wp-content\/uploads\/2023\/05\/lpg1-370x370.webp 370w, https:\/\/www.karavansatis.com.tr\/wp-content\/uploads\/2023\/05\/lpg1-160x160.webp 160w, https:\/\/www.karavansatis.com.tr\/wp-content\/uploads\/2023\/05\/lpg1-480x480.webp 480w, https:\/\/www.karavansatis.com.tr\/wp-content\/uploads\/2023\/05\/lpg1-456x456.webp 456w, https:\/\/www.karavansatis.com.tr\/wp-content\/uploads\/2023\/05\/lpg1-120x120.webp 120w, https:\/\/www.karavansatis.com.tr\/wp-content\/uploads\/2023\/05\/lpg1-180x180.webp 180w, https:\/\/www.karavansatis.com.tr\/wp-content\/uploads\/2023\/05\/lpg1.webp 550w\" sizes=\"auto, (max-width: 96px) 100vw, 96px\" \/><\/a>\n\t\t\t<\/dt><\/dl><dl class='gallery-item'>\n\t\t\t<dt class='gallery-icon landscape'>\n\t\t\t\t<a href='https:\/\/www.karavansatis.com.tr\/?attachment_id=561'><img loading=\"lazy\" decoding=\"async\" width=\"96\" height=\"96\" src=\"https:\/\/www.karavansatis.com.tr\/wp-content\/uploads\/2023\/05\/lpg2-150x150.webp\" class=\"attachment-thumbnail size-thumbnail\" alt=\"\" srcset=\"https:\/\/www.karavansatis.com.tr\/wp-content\/uploads\/2023\/05\/lpg2-150x150.webp 150w, https:\/\/www.karavansatis.com.tr\/wp-content\/uploads\/2023\/05\/lpg2-300x300.webp 300w, https:\/\/www.karavansatis.com.tr\/wp-content\/uploads\/2023\/05\/lpg2-32x32.webp 32w, https:\/\/www.karavansatis.com.tr\/wp-content\/uploads\/2023\/05\/lpg2-100x100.webp 100w, https:\/\/www.karavansatis.com.tr\/wp-content\/uploads\/2023\/05\/lpg2-250x250.webp 250w, https:\/\/www.karavansatis.com.tr\/wp-content\/uploads\/2023\/05\/lpg2-500x500.webp 500w, https:\/\/www.karavansatis.com.tr\/wp-content\/uploads\/2023\/05\/lpg2-370x370.webp 370w, https:\/\/www.karavansatis.com.tr\/wp-content\/uploads\/2023\/05\/lpg2-160x160.webp 160w, https:\/\/www.karavansatis.com.tr\/wp-content\/uploads\/2023\/05\/lpg2-480x480.webp 480w, https:\/\/www.karavansatis.com.tr\/wp-content\/uploads\/2023\/05\/lpg2-456x456.webp 456w, https:\/\/www.karavansatis.com.tr\/wp-content\/uploads\/2023\/05\/lpg2-120x120.webp 120w, https:\/\/www.karavansatis.com.tr\/wp-content\/uploads\/2023\/05\/lpg2-180x180.webp 180w, https:\/\/www.karavansatis.com.tr\/wp-content\/uploads\/2023\/05\/lpg2.webp 550w\" sizes=\"auto, (max-width: 96px) 100vw, 96px\" \/><\/a>\n\t\t\t<\/dt><\/dl><dl class='gallery-item'>\n\t\t\t<dt class='gallery-icon landscape'>\n\t\t\t\t<a href='https:\/\/www.karavansatis.com.tr\/?attachment_id=562'><img loading=\"lazy\" decoding=\"async\" width=\"96\" height=\"96\" src=\"https:\/\/www.karavansatis.com.tr\/wp-content\/uploads\/2023\/05\/lpg3-150x150.webp\" class=\"attachment-thumbnail size-thumbnail\" alt=\"\" srcset=\"https:\/\/www.karavansatis.com.tr\/wp-content\/uploads\/2023\/05\/lpg3-150x150.webp 150w, https:\/\/www.karavansatis.com.tr\/wp-content\/uploads\/2023\/05\/lpg3-300x300.webp 300w, https:\/\/www.karavansatis.com.tr\/wp-content\/uploads\/2023\/05\/lpg3-32x32.webp 32w, https:\/\/www.karavansatis.com.tr\/wp-content\/uploads\/2023\/05\/lpg3-100x100.webp 100w, https:\/\/www.karavansatis.com.tr\/wp-content\/uploads\/2023\/05\/lpg3-250x250.webp 250w, https:\/\/www.karavansatis.com.tr\/wp-content\/uploads\/2023\/05\/lpg3-500x500.webp 500w, https:\/\/www.karavansatis.com.tr\/wp-content\/uploads\/2023\/05\/lpg3-370x370.webp 370w, https:\/\/www.karavansatis.com.tr\/wp-content\/uploads\/2023\/05\/lpg3-160x160.webp 160w, https:\/\/www.karavansatis.com.tr\/wp-content\/uploads\/2023\/05\/lpg3-480x480.webp 480w, https:\/\/www.karavansatis.com.tr\/wp-content\/uploads\/2023\/05\/lpg3-456x456.webp 456w, https:\/\/www.karavansatis.com.tr\/wp-content\/uploads\/2023\/05\/lpg3-120x120.webp 120w, https:\/\/www.karavansatis.com.tr\/wp-content\/uploads\/2023\/05\/lpg3-180x180.webp 180w, https:\/\/www.karavansatis.com.tr\/wp-content\/uploads\/2023\/05\/lpg3.webp 550w\" sizes=\"auto, (max-width: 96px) 100vw, 96px\" \/><\/a>\n\t\t\t<\/dt><\/dl><br style=\"clear: both\" \/>\n\t\t<\/div>\n\n<table>\n<tbody>\n<tr>\n<td class=\"no-border\">\n<div id=\"productDescriptionContent\">\n<h4>Dizayn Bas\u0131nc\u0131: 30 bar<\/h4>\n<h4>\u00c7al\u0131\u015fma Bas\u0131nc\u0131: 20 bar<\/h4>\n<h4>ECE 67.01 Regulation<\/h4>\n<h4>\u00c7al\u0131\u015fma S\u0131cakl\u0131\u011f\u0131 -20 + 65 oC<\/h4>\n<h4>\u00c7ap: 300mm<\/h4>\n<h4>Y\u00fckseklik: 680mm<\/h4>\n<h4>Bo\u015f A\u011f\u0131rl\u0131k: 16kg<\/h4>\n<h4>Hacim: 36\u00a0Lt<br \/>\nKapasite: 28,8\u00a0Lt (%80 Dolum ile)<\/h4>\n<p>Step marka T\u00fcp ve Vikars marka multivalf ile kullan\u0131ma haz\u0131r set halindedir, elinize ula\u015ft\u0131\u011f\u0131 gibi\u00a0dolumunu yap\u0131p kullanmaya ba\u015flayabilirsiniz.<\/p>\n<p><strong>Kutu \u0130\u00e7eri\u011fi;<\/strong><br \/>\n1\u00a0Adet Karavan Lpg Tank\u0131 36\u00a0Litre Tak Kullan Haz\u0131r Set (Multivalf \u00fczerinde orjinal gaz a\u00e7ma kapama vanas\u0131 mevcuttur).<br \/>\n1 Paket Lpg Tank\u0131 Sabitleme Civata, Pul ve Somunlar\u0131<br \/>\n1 Adet Lpg Dolum A\u011fz\u0131 (Tank \u00fczerine montajl\u0131 g\u00f6nderilir, \u0130ste\u011fe g\u00f6re uzat\u0131larak karavan d\u0131\u015f\u0131na tak\u0131labilir)<br \/>\n1 Adet 29mbar Gaz reg\u00fclat\u00f6r\u00fc(dedant\u00f6r)<br \/>\n1 Adet Karavan tank\u0131 barkodlu sertifika.<\/p>\n<h4><strong>Karavan Lpg Tank\u0131 G\u00fcvenli\u011fi:<\/strong><\/h4>\n<h4>1-Dolum a\u011fz\u0131na giden boru koptu\u011fu zaman tanktan gaz giri\u015fini kapatan valf<\/h4>\n<h4>2-Kullan\u0131m taraf\u0131na giden boru koptu\u011fu zaman tanktan gaz \u00e7\u0131k\u0131\u015f\u0131n\u0131 kapatan a\u015f\u0131r\u0131 ak\u0131\u015f valfi.<\/h4>\n<h4>3-Tank \u0131s\u0131ya maruz kalarak\u00a0bas\u0131n\u00e7 25 bara y\u00fckseldi\u011finde \u00e7al\u0131\u015fan gaz tahliye valfi.<\/h4>\n<h4>4-3. maddedeki valfin \u00e7al\u0131\u015fmama durumunda eriyen termal gaz tahliye tapas\u0131.<\/h4>\n<h4>5-A\u015f\u0131r\u0131 dolum korumas\u0131 %80 doluma ula\u015ft\u0131\u011f\u0131nda\u00a0gaz dolumunu durdurur.<\/h4>\n<h4>6-Kaza veya devrilme halinde tank yan yatt\u0131\u011f\u0131 gibi i\u00e7inde gaz var ise \u015famand\u0131ran\u0131n gaz\u0131 kesmesini sa\u011flayan mekanik kilit mekanizmas\u0131.<\/h4>\n<h4>7-Mutfak t\u00fcplerinin aksine karavan lpg tank\u0131 \u0131s\u0131ya maruz kald\u0131\u011f\u0131nda %40 a kadar geni\u015fleyebilen metalden yap\u0131lm\u0131\u015ft\u0131r. Tank \u0131s\u0131ya maruz kalmaya devam etti\u011fi s\u00fcrece % 40 geni\u015flemeden sonra tank patlamaz, ka\u011f\u0131t gibi y\u0131rt\u0131l\u0131r.<\/h4>\n<h4>8-T\u00fcp\u00fcn\u00fcz \u00fcretimden \u00e7\u0131k\u0131p testlerden ge\u00e7tikten sonra sadece sizin taraf\u0131n\u0131zdan kullan\u0131lm\u0131\u015f olaca\u011f\u0131ndan, konvensiyonel ev tipi t\u00fcplerdeki gibi defalarca dolup bo\u015falm\u0131\u015f, ara\u00e7lar ile ta\u015f\u0131n\u0131rken darbe alm\u0131\u015f olmayacakt\u0131r.<\/h4>\n<p>Step marka LPG tank\u0131n\u0131z, orjinal olarak Karavan LPG Tank\u0131 olarak dizayn edilmi\u015f ve \u00fcretilmi\u015ftir. Hidroteste tabi tutulmu\u015ftur. Kaynakla birle\u015ftirilmesi yap\u0131lan tanklar\u0131n tamam\u0131 (% 100) otomatik ve kalibre edilmi\u015f manometrelerle izlenebilen test \u00fcnitelerinde 30 bar bas\u0131n\u00e7 alt\u0131nda teste tabi tutlulur. Bu test sonras\u0131nda tanklarda herhangi bir s\u0131z\u0131nt\u0131 olup olmad\u0131\u011f\u0131 tespit edilir. Hidrotest sonras\u0131nda e\u011fer uygunsuzluk tespit edilmi\u015fse tank k\u0131rm\u0131z\u0131 \u00e7er\u00e7eve ile boyal\u0131 red b\u00f6lgesine al\u0131n\u0131r, tutanakla hidrolik preslerde ezilerek birdaha geri d\u00f6n\u00fc\u015f\u00fcm\u00fcn\u00fc tamamen engellemek amac\u0131yla hurdaya ayr\u0131l\u0131r<\/p>\n<table>\n<tbody>\n<tr>\n<td class=\"no-border\">\n<div id=\"productDescriptionContent\">\n<p><strong>12 kg l\u0131k mutfak t\u00fcp\u00fc yerine Karavan Lpg Tank\u0131 kullanman\u0131n avantajlar\u0131;<\/strong><\/p>\n<p><strong>Fiyat Avantaj\u0131:\u00a0<\/strong>12 kg l\u0131k mutfak t\u00fcplerinin ancak 9,5-10 kg l\u0131k k\u0131sm\u0131 kullan\u0131labilir, geri kalan 2-2,5\u00a0kg gaz t\u00fcp\u00fcn i\u00e7inde kal\u0131r ve kullanmad\u0131\u011f\u0131n\u0131z gaza\u00a0da para \u00f6demi\u015f olursunuz;<br \/>\nKaravan Lpg Tanklar\u0131nda ise dolum lpg istasyonlar\u0131nda\u00a0yap\u0131ld\u0131\u011f\u0131 i\u00e7in ayn\u0131 ara\u00e7larda oldu\u011fu gibi, ne kadar kulland\u0131ysan\u0131z o kadar dolum yapar ve \u00f6dedi\u011finiz paran\u0131n tamamen kar\u015f\u0131l\u0131\u011f\u0131n\u0131 al\u0131rs\u0131n\u0131z.<\/p>\n<p>Dolum s\u0131ras\u0131nda talep edilmesi durumunda paket i\u00e7erisinde g\u00f6nderilen, tank\u0131n\u0131za \u00f6zel seri numaras\u0131na sahip, barkodlu sertifikan\u0131z\u0131 ibraz edebilirsiniz.<\/p>\n<p><strong>Donma Sorunu:<\/strong>\u00a012 kg l\u0131k mutfak t\u00fcplerinde %70 B\u00fctan ve %30 Propan oran\u0131 vard\u0131r.\u00a0Bundan dolay\u0131 k\u0131\u015f\u0131n karavan\u00a0kullan\u0131c\u0131lar\u0131 mutfak t\u00fcplerinde donma ve t\u00fcp\u00fc kullanamama sorunu ya\u015famaktad\u0131rlar;<br \/>\nLpg dolum istasyonlar\u0131ndan al\u0131nan lpg lerde ise\u00a0%50 B\u00fctan ve %50 Propan oran\u0131 vard\u0131r.\u00a0Propan oran\u0131n\u0131n %20 daha fazla olmas\u0131ndan\u00a0dolay\u0131 donma problemi\u00a0olmad\u0131\u011f\u0131 gibi daha etkili yanma ve y\u00fcksek kalori verme avantaj\u0131na sahiptir.<\/p>\n<\/div>\n<\/td>\n<\/tr>\n<\/tbody>\n<\/table>\n<\/div>\n<\/td>\n<\/tr>\n<\/tbody>\n<\/table>\n<\/li>\n<\/ul>\n","protected":false},"excerpt":{"rendered":"<p>Dizayn Bas\u0131nc\u0131: 30 bar \u00c7al\u0131\u015fma Bas\u0131nc\u0131: 20 bar ECE 67.01 Regulation \u00c7al\u0131\u015fma S\u0131cakl\u0131\u011f\u0131 -20 + 65 oC \u00c7ap: 300mm Y\u00fckseklik: 680mm Bo\u015f A\u011f\u0131rl\u0131k: 16kg Hacim: 36\u00a0Lt Kapasite: 28,8\u00a0Lt (%80 Dolum ile) Step marka T\u00fcp ve Vikars marka multivalf ile kullan\u0131ma haz\u0131r set halindedir, elinize ula\u015ft\u0131\u011f\u0131 gibi\u00a0dolumunu yap\u0131p kullanmaya ba\u015flayabilirsiniz. Kutu \u0130\u00e7eri\u011fi; 1\u00a0Adet Karavan Lpg Tank\u0131 36\u00a0Litre Tak Kullan Haz\u0131r Set&#8230;<\/p>\n","protected":false},"author":1,"featured_media":0,"parent":0,"menu_order":0,"comment_status":"closed","ping_status":"closed","template":"","meta":{"footnotes":""},"class_list":["post-555","page","type-page","status-publish","hentry"],"_links":{"self":[{"href":"https:\/\/www.karavansatis.com.tr\/index.php?rest_route=\/wp\/v2\/pages\/555","targetHints":{"allow":["GET"]}}],"collection":[{"href":"https:\/\/www.karavansatis.com.tr\/index.php?rest_route=\/wp\/v2\/pages"}],"about":[{"href":"https:\/\/www.karavansatis.com.tr\/index.php?rest_route=\/wp\/v2\/types\/page"}],"author":[{"embeddable":true,"href":"https:\/\/www.karavansatis.com.tr\/index.php?rest_route=\/wp\/v2\/users\/1"}],"replies":[{"embeddable":true,"href":"https:\/\/www.karavansatis.com.tr\/index.php?rest_route=%2Fwp%2Fv2%2Fcomments&post=555"}],"version-history":[{"count":4,"href":"https:\/\/www.karavansatis.com.tr\/index.php?rest_route=\/wp\/v2\/pages\/555\/revisions"}],"predecessor-version":[{"id":563,"href":"https:\/\/www.karavansatis.com.tr\/index.php?rest_route=\/wp\/v2\/pages\/555\/revisions\/563"}],"wp:attachment":[{"href":"https:\/\/www.karavansatis.com.tr\/index.php?rest_route=%2Fwp%2Fv2%2Fmedia&parent=555"}],"curies":[{"name":"wp","href":"https:\/\/api.w.org\/{rel}","templated":true}]}}