{"id":291,"date":"2015-01-25T09:58:14","date_gmt":"2015-01-25T09:58:14","guid":{"rendered":"http:\/\/highseastudio.com\/demo\/bauhaus\/?page_id=291"},"modified":"2023-06-07T22:26:26","modified_gmt":"2023-06-07T19:26:26","slug":"shortcodes-one","status":"publish","type":"page","link":"https:\/\/www.karavansatis.com.tr\/?page_id=291","title":{"rendered":"Tv"},"content":{"rendered":"<p><strong>Her boya uygun ergonomik olarak m\u00fckemmel uyumlu ekran\u00a0pozisyonu<\/strong><\/p>\n<p><strong>Ekran\u0131n\u0131z\u0131 istedi\u011finiz y\u00f6ne\u00a0 \u00e7evrilebilir, e\u011filebilir ve d\u00f6nd\u00fcr\u00fclebilirsiniz.\u00a0<\/strong><\/p>\n<p><strong>D\u00fcz ve kavisli ekranlar i\u00e7in uygundur.<\/strong><\/p>\n\n\t\t<style type=\"text\/css\">\n\t\t\t#gallery-1 {\n\t\t\t\tmargin: auto;\n\t\t\t}\n\t\t\t#gallery-1 .gallery-item {\n\t\t\t\tfloat: left;\n\t\t\t\tmargin-top: 10px;\n\t\t\t\ttext-align: center;\n\t\t\t\twidth: 33%;\n\t\t\t}\n\t\t\t#gallery-1 img {\n\t\t\t\tborder: 2px solid #cfcfcf;\n\t\t\t}\n\t\t\t#gallery-1 .gallery-caption {\n\t\t\t\tmargin-left: 0;\n\t\t\t}\n\t\t\t\/* see gallery_shortcode() in wp-includes\/media.php *\/\n\t\t<\/style>\n\t\t<div id='gallery-1' class='gallery galleryid-291 gallery-columns-3 gallery-size-thumbnail'><dl class='gallery-item'>\n\t\t\t<dt class='gallery-icon portrait'>\n\t\t\t\t<a href='https:\/\/www.karavansatis.com.tr\/?attachment_id=823'><img loading=\"lazy\" decoding=\"async\" width=\"84\" height=\"96\" src=\"https:\/\/www.karavansatis.com.tr\/wp-content\/uploads\/2023\/06\/tv.jpeg\" class=\"attachment-thumbnail size-thumbnail\" alt=\"\" srcset=\"https:\/\/www.karavansatis.com.tr\/wp-content\/uploads\/2023\/06\/tv.jpeg 897w, https:\/\/www.karavansatis.com.tr\/wp-content\/uploads\/2023\/06\/tv-768x877.jpeg 768w, https:\/\/www.karavansatis.com.tr\/wp-content\/uploads\/2023\/06\/tv-28x32.jpeg 28w, https:\/\/www.karavansatis.com.tr\/wp-content\/uploads\/2023\/06\/tv-88x100.jpeg 88w, https:\/\/www.karavansatis.com.tr\/wp-content\/uploads\/2023\/06\/tv-219x250.jpeg 219w, https:\/\/www.karavansatis.com.tr\/wp-content\/uploads\/2023\/06\/tv-438x500.jpeg 438w, https:\/\/www.karavansatis.com.tr\/wp-content\/uploads\/2023\/06\/tv-370x422.jpeg 370w, https:\/\/www.karavansatis.com.tr\/wp-content\/uploads\/2023\/06\/tv-140x160.jpeg 140w, https:\/\/www.karavansatis.com.tr\/wp-content\/uploads\/2023\/06\/tv-482x550.jpeg 482w\" sizes=\"auto, (max-width: 84px) 100vw, 84px\" \/><\/a>\n\t\t\t<\/dt><\/dl>\n\t\t\t<br style='clear: both' \/>\n\t\t<\/div>\n\n","protected":false},"excerpt":{"rendered":"<p>Her boya uygun ergonomik olarak m\u00fckemmel uyumlu ekran\u00a0pozisyonu Ekran\u0131n\u0131z\u0131 istedi\u011finiz y\u00f6ne\u00a0 \u00e7evrilebilir, e\u011filebilir ve d\u00f6nd\u00fcr\u00fclebilirsiniz.\u00a0 D\u00fcz ve kavisli ekranlar i\u00e7in uygundur.<\/p>\n","protected":false},"author":2,"featured_media":0,"parent":0,"menu_order":0,"comment_status":"open","ping_status":"open","template":"","meta":{"footnotes":""},"class_list":["post-291","page","type-page","status-publish","hentry"],"_links":{"self":[{"href":"https:\/\/www.karavansatis.com.tr\/index.php?rest_route=\/wp\/v2\/pages\/291","targetHints":{"allow":["GET"]}}],"collection":[{"href":"https:\/\/www.karavansatis.com.tr\/index.php?rest_route=\/wp\/v2\/pages"}],"about":[{"href":"https:\/\/www.karavansatis.com.tr\/index.php?rest_route=\/wp\/v2\/types\/page"}],"author":[{"embeddable":true,"href":"https:\/\/www.karavansatis.com.tr\/index.php?rest_route=\/wp\/v2\/users\/2"}],"replies":[{"embeddable":true,"href":"https:\/\/www.karavansatis.com.tr\/index.php?rest_route=%2Fwp%2Fv2%2Fcomments&post=291"}],"version-history":[{"count":3,"href":"https:\/\/www.karavansatis.com.tr\/index.php?rest_route=\/wp\/v2\/pages\/291\/revisions"}],"predecessor-version":[{"id":825,"href":"https:\/\/www.karavansatis.com.tr\/index.php?rest_route=\/wp\/v2\/pages\/291\/revisions\/825"}],"wp:attachment":[{"href":"https:\/\/www.karavansatis.com.tr\/index.php?rest_route=%2Fwp%2Fv2%2Fmedia&parent=291"}],"curies":[{"name":"wp","href":"https:\/\/api.w.org\/{rel}","templated":true}]}}