{"id":16,"date":"2014-11-24T12:45:24","date_gmt":"2014-11-24T12:45:24","guid":{"rendered":"http:\/\/highseastudio.com\/demo\/bauhaus\/?page_id=2"},"modified":"2023-06-07T22:19:17","modified_gmt":"2023-06-07T19:19:17","slug":"sample-page","status":"publish","type":"page","link":"https:\/\/www.karavansatis.com.tr\/?page_id=16","title":{"rendered":"Webosto"},"content":{"rendered":"<p><b>Genel Bilgiler<\/b><\/p>\n<ul>\n<li><b>Marka:\u00a0<\/b>\u00a0<b>Sensation<\/b><\/li>\n<li>Model: XL-AIR 5.5 KW<\/li>\n<li>5.5 KW (12V)<\/li>\n<li>1.1 KW &#8211; 5.5 KW aras\u0131 ayarlanabilir.<\/li>\n<li><b>Saatlik Yak\u0131t t\u00fcketimi: D\u00fc\u015f\u00fck Mod(0.2 Litre)- Orta Mod(0.32Litre) &#8211; Y\u00fcksek Mod(0.5 Litre) &#8211; Ultra Mod(0.75 Litre)<\/b><\/li>\n<li><b>\u00c7\u0131k\u0131\u015f Is\u0131 G\u00fcc\u00fc:\u00a0<\/b>\u00a0<b>D\u00fc\u015f\u00fck Mod(1.1 KW)- Orta Mod (2.4 KW) &#8211; Y\u00fcksek Mod(3.9 KW) &#8211; Ultra Mod(5.2 KW)<\/b><\/li>\n<li><b>Enerji t\u00fcketimi:\u00a0<\/b>\u00a0<b>D\u00fc\u015f\u00fck Mod(12 W)- Orta Mod (15 W) &#8211; Y\u00fcksek Mod(28 W) &#8211; Ultra Mod(50 W)<\/b><\/li>\n<li>Karavan, Araba, Otob\u00fcs, T\u0131r, Tekne v.b gibi t\u00fcm ara\u00e7lar da\u00a0 kullan\u0131labilir ve pencere donmas\u0131n\u0131 engeller.<\/li>\n<li>D\u00fc\u015f\u00fck-Orta-Y\u00fcksek-Ultra modlar\u0131nda \u00e7al\u0131\u015ft\u0131r\u0131labilir.<\/li>\n<li><b>Defrost \u00f6zelli\u011fi vard\u0131r.<\/b><\/li>\n<li><b>A\u015f\u0131r\u0131 voltaj ve D\u00fc\u015f\u00fck voltaj korumalar\u0131 vard\u0131r.<\/b><\/li>\n<li>10 Litre yak\u0131t tank\u0131 vard\u0131r<\/li>\n<li>T\u00fcm par\u00e7alar\u0131 tek bir birimde oldu\u011fundan dolay\u0131 yerden tasarruf sa\u011flar, ta\u015f\u0131nmas\u0131 kolayd\u0131r.<\/li>\n<li>Kurulumu ve Bak\u0131m\u0131 kolayd\u0131r.<\/li>\n<li><b>Dijital Led Ekran ve Uzaktan Kumanda i\u00e7erir.<\/b><\/li>\n<li><b>Termostat ve zaman ayar\u0131 i\u00e7erir.<\/b><\/li>\n<li><b>Ak\u0131ll\u0131 fan kontrol sistemi vard\u0131r.<\/b><\/li>\n<li>D\u00fc\u015f\u00fck g\u00fcr\u00fclt\u00fcl\u00fc, d\u00fc\u015f\u00fck emisyonlu ve \u00e7evre dostudur.<\/li>\n<li>Kompakt tasar\u0131m<\/li>\n<li><span class=\"size\">D\u00fc\u015f\u00fck yak\u0131t ve g\u00fc\u00e7 t\u00fcketimi<\/span><\/li>\n<li><b>CE\u00a0 sertifikal\u0131d\u0131r, \u0131s\u0131tma cihazlar\u0131 standard\u0131na uygun yap\u0131lmaktad\u0131r.\u00a0<\/b><\/li>\n<li>A\u011f\u0131rl\u0131k: 7.3 Kg<\/li>\n<li>\u00d6l\u00e7\u00fcler: Uzunluk: 425mm x Geni\u015flik: 140mm x Y\u00fckseklik: 175mm<\/li>\n<li><b>Garanti S\u00fcresi:\u00a01 Y\u0131l<\/b><\/li>\n<\/ul>\n<div><\/div>\n<p><b>Paket i\u00e7eri\u011fi<\/b><\/p>\n<ul>\n<li>\u00a0Uygar Marine 5.5 KW 12V Webasto Muadili Dizel Is\u0131t\u0131c\u0131, kurulum ve kullan\u0131m i\u00e7in gerekli olan aparatlar ve montaj kiti<\/li>\n<\/ul>\n<div><\/div>\n<p><b>Teknik \u00d6zellikler<\/b><\/p>\n<div><b><b>\u00a0 \u00a0 \u00a0 \u00a0 \u00a0 \u00a0 \u00a0\u00a0<\/b><\/b><b><b><img loading=\"lazy\" decoding=\"async\" class=\"\" src=\"https:\/\/images.hepsiburada.net\/description-assets\/description-prod-8\/5db3b6db-89f8-4050-8684-ff7a4a0967e5.png\" width=\"549\" height=\"474\" \/><\/b><\/b>\n\t\t<style type=\"text\/css\">\n\t\t\t#gallery-1 {\n\t\t\t\tmargin: auto;\n\t\t\t}\n\t\t\t#gallery-1 .gallery-item {\n\t\t\t\tfloat: left;\n\t\t\t\tmargin-top: 10px;\n\t\t\t\ttext-align: center;\n\t\t\t\twidth: 33%;\n\t\t\t}\n\t\t\t#gallery-1 img {\n\t\t\t\tborder: 2px solid #cfcfcf;\n\t\t\t}\n\t\t\t#gallery-1 .gallery-caption {\n\t\t\t\tmargin-left: 0;\n\t\t\t}\n\t\t\t\/* see gallery_shortcode() in wp-includes\/media.php *\/\n\t\t<\/style>\n\t\t<div id='gallery-1' class='gallery galleryid-16 gallery-columns-3 gallery-size-thumbnail'><dl class='gallery-item'>\n\t\t\t<dt class='gallery-icon portrait'>\n\t\t\t\t<a href='https:\/\/www.karavansatis.com.tr\/?attachment_id=811'><img loading=\"lazy\" decoding=\"async\" width=\"79\" height=\"96\" src=\"https:\/\/www.karavansatis.com.tr\/wp-content\/uploads\/2023\/06\/webosto.jpeg\" class=\"attachment-thumbnail size-thumbnail\" alt=\"\" srcset=\"https:\/\/www.karavansatis.com.tr\/wp-content\/uploads\/2023\/06\/webosto.jpeg 845w, https:\/\/www.karavansatis.com.tr\/wp-content\/uploads\/2023\/06\/webosto-768x931.jpeg 768w, https:\/\/www.karavansatis.com.tr\/wp-content\/uploads\/2023\/06\/webosto-26x32.jpeg 26w, https:\/\/www.karavansatis.com.tr\/wp-content\/uploads\/2023\/06\/webosto-83x100.jpeg 83w, https:\/\/www.karavansatis.com.tr\/wp-content\/uploads\/2023\/06\/webosto-206x250.jpeg 206w, https:\/\/www.karavansatis.com.tr\/wp-content\/uploads\/2023\/06\/webosto-413x500.jpeg 413w, https:\/\/www.karavansatis.com.tr\/wp-content\/uploads\/2023\/06\/webosto-370x448.jpeg 370w, https:\/\/www.karavansatis.com.tr\/wp-content\/uploads\/2023\/06\/webosto-132x160.jpeg 132w, https:\/\/www.karavansatis.com.tr\/wp-content\/uploads\/2023\/06\/webosto-454x550.jpeg 454w\" sizes=\"auto, (max-width: 79px) 100vw, 79px\" \/><\/a>\n\t\t\t<\/dt><\/dl>\n\t\t\t<br style='clear: both' \/>\n\t\t<\/div>\n\n<\/div>\n","protected":false},"excerpt":{"rendered":"<p>Genel Bilgiler Marka:\u00a0\u00a0Sensation Model: XL-AIR 5.5 KW 5.5 KW (12V) 1.1 KW &#8211; 5.5 KW aras\u0131 ayarlanabilir. Saatlik Yak\u0131t t\u00fcketimi: D\u00fc\u015f\u00fck Mod(0.2 Litre)- Orta Mod(0.32Litre) &#8211; Y\u00fcksek Mod(0.5 Litre) &#8211; Ultra Mod(0.75 Litre) \u00c7\u0131k\u0131\u015f Is\u0131 G\u00fcc\u00fc:\u00a0\u00a0D\u00fc\u015f\u00fck Mod(1.1 KW)- Orta Mod (2.4 KW) &#8211; Y\u00fcksek Mod(3.9 KW) &#8211; Ultra Mod(5.2 KW) Enerji t\u00fcketimi:\u00a0\u00a0D\u00fc\u015f\u00fck Mod(12 W)- Orta Mod (15 W) &#8211; Y\u00fcksek&#8230;<\/p>\n","protected":false},"author":2,"featured_media":0,"parent":0,"menu_order":0,"comment_status":"open","ping_status":"open","template":"","meta":{"footnotes":""},"class_list":["post-16","page","type-page","status-publish","hentry"],"_links":{"self":[{"href":"https:\/\/www.karavansatis.com.tr\/index.php?rest_route=\/wp\/v2\/pages\/16","targetHints":{"allow":["GET"]}}],"collection":[{"href":"https:\/\/www.karavansatis.com.tr\/index.php?rest_route=\/wp\/v2\/pages"}],"about":[{"href":"https:\/\/www.karavansatis.com.tr\/index.php?rest_route=\/wp\/v2\/types\/page"}],"author":[{"embeddable":true,"href":"https:\/\/www.karavansatis.com.tr\/index.php?rest_route=\/wp\/v2\/users\/2"}],"replies":[{"embeddable":true,"href":"https:\/\/www.karavansatis.com.tr\/index.php?rest_route=%2Fwp%2Fv2%2Fcomments&post=16"}],"version-history":[{"count":5,"href":"https:\/\/www.karavansatis.com.tr\/index.php?rest_route=\/wp\/v2\/pages\/16\/revisions"}],"predecessor-version":[{"id":816,"href":"https:\/\/www.karavansatis.com.tr\/index.php?rest_route=\/wp\/v2\/pages\/16\/revisions\/816"}],"wp:attachment":[{"href":"https:\/\/www.karavansatis.com.tr\/index.php?rest_route=%2Fwp%2Fv2%2Fmedia&parent=16"}],"curies":[{"name":"wp","href":"https:\/\/api.w.org\/{rel}","templated":true}]}}